{"id":7320,"date":"2022-09-29T15:42:08","date_gmt":"2022-09-29T13:42:08","guid":{"rendered":"https:\/\/cup.acfootballexperiences.eus\/politica-de-cookies\/"},"modified":"2024-06-04T17:48:16","modified_gmt":"2024-06-04T15:48:16","slug":"politica-de-cookies","status":"publish","type":"page","link":"https:\/\/cup.acfootballexperiences.eus\/en\/politica-de-cookies\/","title":{"rendered":"Cookies policy"},"content":{"rendered":"<style>.kb-row-layout-id14_b8c386-1f > .kt-row-column-wrap{align-content:center;}:where(.kb-row-layout-id14_b8c386-1f > .kt-row-column-wrap) > .wp-block-kadence-column{justify-content:center;}.kb-row-layout-id14_b8c386-1f > .kt-row-column-wrap{column-gap:80px;row-gap:20px;max-width:960px;margin-left:auto;margin-right:auto;padding-top:80px;padding-right:80px;padding-bottom:80px;padding-left:80px;grid-template-columns:minmax(0, 1fr);}.kb-row-layout-id14_b8c386-1f > .kt-row-layout-overlay{opacity:0.30;}@media all and (max-width: 1024px){.kb-row-layout-id14_b8c386-1f > .kt-row-column-wrap{padding-top:40px;padding-right:40px;padding-bottom:40px;padding-left:40px;grid-template-columns:minmax(0, 1fr);}}@media all and (max-width: 767px){.kb-row-layout-id14_b8c386-1f > .kt-row-column-wrap{padding-top:80px;padding-right:20px;padding-bottom:80px;padding-left:20px;grid-template-columns:minmax(0, 1fr);}}<\/style><section class=\"kb-row-layout-wrap kb-row-layout-id14_b8c386-1f alignnone seccion-legal wp-block-kadence-rowlayout\"><div class=\"kt-row-column-wrap kt-has-1-columns kt-row-layout-equal kt-tab-layout-inherit kt-mobile-layout-row kt-row-valign-middle\">\n<style>.kadence-column14_0121ef-b2 > .kt-inside-inner-col,.kadence-column14_0121ef-b2 > .kt-inside-inner-col:before{border-top-left-radius:0px;border-top-right-radius:0px;border-bottom-right-radius:0px;border-bottom-left-radius:0px;}.kadence-column14_0121ef-b2 > .kt-inside-inner-col{column-gap:10px;}.kadence-column14_0121ef-b2 > .kt-inside-inner-col{flex-direction:column;}.kadence-column14_0121ef-b2 > .kt-inside-inner-col > .aligncenter{width:100%;}.kadence-column14_0121ef-b2 > .kt-inside-inner-col:before{opacity:0.3;}.kadence-column14_0121ef-b2{text-align:left;}.kadence-column14_0121ef-b2{position:relative;}@media all and (max-width: 1024px){.kadence-column14_0121ef-b2 > .kt-inside-inner-col{flex-direction:column;}}@media all and (max-width: 767px){.kadence-column14_0121ef-b2{text-align:left;}.kadence-column14_0121ef-b2 > .kt-inside-inner-col{flex-direction:column;}}<\/style>\n<div class=\"wp-block-kadence-column kadence-column14_0121ef-b2 kb-section-dir-vertical kb-section-sm-dir-vertical inner-column-1\"><div class=\"kt-inside-inner-col\">\n<h1 class=\"wp-block-heading\" id=\"politica-de-cookies\">POL\u00cdTICA DE COOKIES<\/h1>\n\n\n\n<h2 class=\"wp-block-heading\" id=\"politica-de-cookies-de-dimension-football\">Pol\u00edtica de Cookies de Dimension Football<\/h2>\n\n\n\n<p>En\u00a0<strong>Dimension Football<\/strong>\u00a0utilizamos cookies con el objetivo de realizar tareas de an\u00e1lisis y ofrecerte un mejor servicio, proporcion\u00e1ndote una mejor experiencia en tu navegaci\u00f3n. Queremos informarte de manera clara y precisa sobre las cookies que utilizamos, detallando a continuaci\u00f3n, que es una cookie, para que sirve, que tipos de cookies utilizamos, cuales son su finalidad y como puedes configurarlas o deshabilitarlas si as\u00ed lo deseas.<\/p>\n\n\n\n<h2 class=\"wp-block-heading\" id=\"que-es-una-cookie-y-para-que-sirve\">\u00bfQu\u00e9 es una cookie y para qu\u00e9 sirve?<\/h2>\n\n\n\n<p>Una \u201cCookie\u201d es un peque\u00f1o archivo que se almacena en el ordenador del usuario, tablet, smartphone o cualquier otro dispositivo con informaci\u00f3n sobre la navegaci\u00f3n.<br\/><br\/>El conjunto de \u201ccookies\u201d de todos nuestros usuarios nos ayuda a mejorar la calidad de nuestra web, permiti\u00e9ndonos controlar qu\u00e9 p\u00e1ginas son \u00fatiles, cu\u00e1les no y cu\u00e1les son susceptibles de mejora.<br\/><br\/>Las cookies son esenciales para el funcionamiento de internet, aportando innumerables ventajas en la prestaci\u00f3n de servicios interactivos, facilit\u00e1ndote la navegaci\u00f3n y usabilidad de nuestra web.<br\/><br\/>En ning\u00fan caso las cookies podr\u00edan da\u00f1ar tu equipo. Por contra, el que est\u00e9n activas nos ayuda a identificar y resolver los errores.<\/p>\n\n\n\n<h2 class=\"wp-block-heading\" id=\"tipos-de-cookies-segun-vencimiento\">Tipos de cookies seg\u00fan vencimiento<\/h2>\n\n\n\n<p>Las Cookies utilizadas en Dimension Football pueden tener los siguientes tipos devencimientos:<br\/><br\/>1. De sesi\u00f3n: Con vencimiento una vez que el usuario sale de la sesi\u00f3n.<br\/><br\/>2. De Servicio Relacionadas con alg\u00fan servicio personalizado dentro del site, convencimiento inferior a veinticuatro horas (24h).<br\/><br\/>3. Persistentes: quedan permanentemente instaladas en tu navegador y son activadas cada vez que visitas el site, siempre y cuando no se desactive su uso.<\/p>\n\n\n<p>[cmplz-cookies]<\/p>\n\n\n\n<h2 class=\"wp-block-heading\" id=\"como-puedes-configurar-o-deshabilitar-tus-cookies\">\u00bfC\u00f3mo puedes configurar o deshabilitar tus cookies?<\/h2>\n\n\n\n<p>Puedes permitir, bloquear o eliminar las cookies instaladas en su equipo mediante la configuraci\u00f3n de las opciones de tu navegador de Internet. En caso de que no permitas la instalaci\u00f3n de cookies en tu navegador es posible que no puedas acceder a algunos de los servicios y que tu experiencia en nuestra web pueda resultar menos satisfactoria.<br\/><br\/>En los siguientes enlaces tienes a tu disposici\u00f3n toda la informaci\u00f3n para configurar o deshabilitar tus cookies en cada navegador:<br\/><br\/><a href=\"https:\/\/support.google.com\/chrome\/answer\/95647?hl=es\" rel=\"nofollow noopener\" target=\"_blank\">\u2022 Google Chrome<\/a><br\/><br\/><a href=\"https:\/\/support.mozilla.org\/es\/kb\/habilitar-y-deshabilitar-cookies-que-los-sitios-we\" rel=\"nofollow noopener\" target=\"_blank\">\u2022 Mozilla Firefox<\/a><br\/><br\/><a href=\"http:\/\/windows.microsoft.com\/es-es\/windows-vista\/block-or-allow-cookies\" rel=\"nofollow noopener\" target=\"_blank\">\u2022 Internet Explorer<\/a><br\/><br\/><a href=\"http:\/\/www.apple.com\/es\/support\/\" rel=\"nofollow noopener\" target=\"_blank\">\u2022 Safari<\/a><br\/><br\/><a href=\"http:\/\/www.apple.com\/es\/support\/\" rel=\"nofollow noopener\" target=\"_blank\">\u2022 Safari para iOS (iPhone y iPad)<\/a><br\/><br\/><a href=\"https:\/\/support.google.com\/chrome\/answer\/2392971?hl=es\" rel=\"nofollow noopener\" target=\"_blank\">\u2022 Google Chrome para Android<\/a><\/p>\n\n\n\n<h2 class=\"wp-block-heading\" id=\"consentimiento\">Consentimiento<\/h2>\n\n\n\n<p>En DImension Football nunca guardamos los datos personales de nuestros usuarios, a excepci\u00f3n de la direcci\u00f3n IP de acuerdo a lo descrito anteriormente, salvo que quieras, de forma voluntaria recibir informaci\u00f3n sobre cursos y contenidos de tu inter\u00e9s.<br\/>Al navegar y continuar en nuestra web nos indicas que est\u00e1s consintiendo el uso de las cookies antes enunciadas, y en las condiciones contenidas en la presente Pol\u00edtica de Cookies<\/p>\n<\/div><\/div>\n\n<\/div><\/section>","protected":false},"excerpt":{"rendered":"<p>POL\u00cdTICA DE COOKIES Pol\u00edtica de Cookies de Dimension Football En\u00a0Dimension Football\u00a0utilizamos cookies con el objetivo de realizar tareas de an\u00e1lisis y ofrecerte un mejor servicio, proporcion\u00e1ndote una mejor experiencia en tu navegaci\u00f3n. Queremos informarte de manera clara y precisa sobre las cookies que utilizamos, detallando a continuaci\u00f3n, que es una cookie, para que sirve, que&#8230;<\/p>\n","protected":false},"author":1,"featured_media":0,"parent":0,"menu_order":0,"comment_status":"closed","ping_status":"open","template":"","meta":{"_gspb_post_css":"","rank_math_lock_modified_date":false,"_kad_blocks_custom_css":"","_kad_blocks_head_custom_js":"","_kad_blocks_body_custom_js":"","_kad_blocks_footer_custom_js":"","_kad_post_transparent":"","_kad_post_title":"","_kad_post_layout":"","_kad_post_sidebar_id":"","_kad_post_content_style":"","_kad_post_vertical_padding":"","_kad_post_feature":"","_kad_post_feature_position":"","_kad_post_header":false,"_kad_post_footer":false,"footnotes":""},"class_list":["post-7320","page","type-page","status-publish","hentry"],"taxonomy_info":[],"featured_image_src_large":false,"author_info":{"display_name":"AC DIMENSI\u00d3N","author_link":"https:\/\/cup.acfootballexperiences.eus\/en\/author\/web_v3lxfkp7\/"},"comment_info":0,"_links":{"self":[{"href":"https:\/\/cup.acfootballexperiences.eus\/en\/wp-json\/wp\/v2\/pages\/7320"}],"collection":[{"href":"https:\/\/cup.acfootballexperiences.eus\/en\/wp-json\/wp\/v2\/pages"}],"about":[{"href":"https:\/\/cup.acfootballexperiences.eus\/en\/wp-json\/wp\/v2\/types\/page"}],"author":[{"embeddable":true,"href":"https:\/\/cup.acfootballexperiences.eus\/en\/wp-json\/wp\/v2\/users\/1"}],"replies":[{"embeddable":true,"href":"https:\/\/cup.acfootballexperiences.eus\/en\/wp-json\/wp\/v2\/comments?post=7320"}],"version-history":[{"count":2,"href":"https:\/\/cup.acfootballexperiences.eus\/en\/wp-json\/wp\/v2\/pages\/7320\/revisions"}],"predecessor-version":[{"id":7692,"href":"https:\/\/cup.acfootballexperiences.eus\/en\/wp-json\/wp\/v2\/pages\/7320\/revisions\/7692"}],"wp:attachment":[{"href":"https:\/\/cup.acfootballexperiences.eus\/en\/wp-json\/wp\/v2\/media?parent=7320"}],"curies":[{"name":"wp","href":"https:\/\/api.w.org\/{rel}","templated":true}]}}